{"id":62,"date":"2017-03-04T13:41:01","date_gmt":"2017-03-04T12:41:01","guid":{"rendered":"http:\/\/skolarusava.cz\/?page_id=62"},"modified":"2026-02-18T15:33:29","modified_gmt":"2026-02-18T14:33:29","slug":"skolni-jidelna","status":"publish","type":"page","link":"http:\/\/skolarusava.cz\/?page_id=62","title":{"rendered":"\u0160koln\u00ed j\u00eddelna"},"content":{"rendered":"<p><a href=\"https:\/\/www.jidelna.cz\/jidelni-listek\/?jidelna=1123\">J\u00eddeln\u00ed l\u00edstek<\/a><\/p>\n<p><a href=\"http:\/\/skolarusava.cz\/wp-content\/uploads\/2017\/03\/P\u0159ehled-alergen\u016f.pdf\">P\u0159ehled alergen\u016f<\/a><\/p>\n<div id='gallery-1' class='gallery galleryid-62 gallery-columns-2 gallery-size-large'><figure class='gallery-item'>\n\t\t\t<div class='gallery-icon landscape'>\n\t\t\t\t<a href='http:\/\/skolarusava.cz\/wp-content\/uploads\/2020\/09\/DSC00455.jpg' title=\"\" data-rl_title=\"\" class=\"rl-gallery-link\" data-rl_caption=\"\" data-rel=\"lightbox-gallery-1\"><img width=\"832\" height=\"555\" src=\"http:\/\/skolarusava.cz\/wp-content\/uploads\/2020\/09\/DSC00455-1024x683.jpg\" class=\"attachment-large size-large\" alt=\"\" loading=\"lazy\" srcset=\"http:\/\/skolarusava.cz\/wp-content\/uploads\/2020\/09\/DSC00455-1024x683.jpg 1024w, http:\/\/skolarusava.cz\/wp-content\/uploads\/2020\/09\/DSC00455-150x100.jpg 150w, http:\/\/skolarusava.cz\/wp-content\/uploads\/2020\/09\/DSC00455-300x200.jpg 300w, http:\/\/skolarusava.cz\/wp-content\/uploads\/2020\/09\/DSC00455-768x512.jpg 768w, http:\/\/skolarusava.cz\/wp-content\/uploads\/2020\/09\/DSC00455.jpg 1620w\" sizes=\"(max-width: 832px) 100vw, 832px\" \/><\/a>\n\t\t\t<\/div><\/figure><figure class='gallery-item'>\n\t\t\t<div class='gallery-icon landscape'>\n\t\t\t\t<a href='http:\/\/skolarusava.cz\/wp-content\/uploads\/2020\/09\/DSC00456.jpg' title=\"\" data-rl_title=\"\" class=\"rl-gallery-link\" data-rl_caption=\"\" data-rel=\"lightbox-gallery-1\"><img width=\"832\" height=\"555\" src=\"http:\/\/skolarusava.cz\/wp-content\/uploads\/2020\/09\/DSC00456-1024x683.jpg\" class=\"attachment-large size-large\" alt=\"\" loading=\"lazy\" srcset=\"http:\/\/skolarusava.cz\/wp-content\/uploads\/2020\/09\/DSC00456-1024x683.jpg 1024w, http:\/\/skolarusava.cz\/wp-content\/uploads\/2020\/09\/DSC00456-150x100.jpg 150w, http:\/\/skolarusava.cz\/wp-content\/uploads\/2020\/09\/DSC00456-300x200.jpg 300w, http:\/\/skolarusava.cz\/wp-content\/uploads\/2020\/09\/DSC00456-768x512.jpg 768w, http:\/\/skolarusava.cz\/wp-content\/uploads\/2020\/09\/DSC00456.jpg 1620w\" sizes=\"(max-width: 832px) 100vw, 832px\" \/><\/a>\n\t\t\t<\/div><\/figure>\n\t\t<\/div>\n\n<p>N\u00ed\u017ee naleznete d\u016fle\u017eit\u00e9 dokumenty ze \u0161koln\u00ed j\u00eddelny:<\/p>\n\n\n<div class=\"wp-block-file\"><a href=\"http:\/\/skolarusava.cz\/wp-content\/uploads\/2026\/02\/Podminky-stravovani.pdf\">Podminky stravovani<\/a><a href=\"http:\/\/skolarusava.cz\/wp-content\/uploads\/2026\/02\/Podminky-stravovani.pdf\" class=\"wp-block-file__button\" download>St\u00e1hnout<\/a><\/div>\n\n\n\n<div class=\"wp-block-file\"><a href=\"http:\/\/skolarusava.cz\/wp-content\/uploads\/2026\/02\/vnitrni-rad-SJ-1.pdf\">vnit\u0159n\u00ed \u0159\u00e1d \u0160J<\/a><a href=\"http:\/\/skolarusava.cz\/wp-content\/uploads\/2026\/02\/vnitrni-rad-SJ-1.pdf\" class=\"wp-block-file__button\" download>St\u00e1hnout<\/a><\/div>\n\n\n\n<div class=\"wp-block-file\"><a href=\"http:\/\/skolarusava.cz\/wp-content\/uploads\/2022\/09\/Prihlaska_ke_stravovani.pdf\">P\u0159ihl\u00e1\u0161ka  ke stravov\u00e1n\u00ed<\/a><a href=\"http:\/\/skolarusava.cz\/wp-content\/uploads\/2022\/09\/Prihlaska_ke_stravovani.pdf\" class=\"wp-block-file__button\" download>St\u00e1hnout<\/a><\/div>\n","protected":false},"excerpt":{"rendered":"<p>J\u00eddeln\u00ed l\u00edstek P\u0159ehled alergen\u016f N\u00ed\u017ee naleznete d\u016fle\u017eit\u00e9 dokumenty ze \u0161koln\u00ed j\u00eddelny:<\/p>\n","protected":false},"author":1,"featured_media":0,"parent":0,"menu_order":0,"comment_status":"closed","ping_status":"closed","template":"","meta":[],"_links":{"self":[{"href":"http:\/\/skolarusava.cz\/index.php?rest_route=\/wp\/v2\/pages\/62"}],"collection":[{"href":"http:\/\/skolarusava.cz\/index.php?rest_route=\/wp\/v2\/pages"}],"about":[{"href":"http:\/\/skolarusava.cz\/index.php?rest_route=\/wp\/v2\/types\/page"}],"author":[{"embeddable":true,"href":"http:\/\/skolarusava.cz\/index.php?rest_route=\/wp\/v2\/users\/1"}],"replies":[{"embeddable":true,"href":"http:\/\/skolarusava.cz\/index.php?rest_route=%2Fwp%2Fv2%2Fcomments&post=62"}],"version-history":[{"count":21,"href":"http:\/\/skolarusava.cz\/index.php?rest_route=\/wp\/v2\/pages\/62\/revisions"}],"predecessor-version":[{"id":9507,"href":"http:\/\/skolarusava.cz\/index.php?rest_route=\/wp\/v2\/pages\/62\/revisions\/9507"}],"wp:attachment":[{"href":"http:\/\/skolarusava.cz\/index.php?rest_route=%2Fwp%2Fv2%2Fmedia&parent=62"}],"curies":[{"name":"wp","href":"https:\/\/api.w.org\/{rel}","templated":true}]}}