{"id":49,"date":"2017-03-04T13:35:25","date_gmt":"2017-03-04T12:35:25","guid":{"rendered":"http:\/\/skolarusava.cz\/?page_id=49"},"modified":"2025-08-28T10:35:17","modified_gmt":"2025-08-28T08:35:17","slug":"zakladni-skola","status":"publish","type":"page","link":"http:\/\/skolarusava.cz\/?page_id=49","title":{"rendered":"Z\u00e1kladn\u00ed \u0161kola"},"content":{"rendered":"<h4><\/h4>\n<div id='gallery-1' class='gallery galleryid-49 gallery-columns-4 gallery-size-large'><figure class='gallery-item'>\n\t\t\t<div class='gallery-icon landscape'>\n\t\t\t\t<a href='http:\/\/skolarusava.cz\/wp-content\/uploads\/2020\/09\/DSC00509.jpg' title=\"\" data-rl_title=\"\" class=\"rl-gallery-link\" data-rl_caption=\"\" data-rel=\"lightbox-gallery-1\"><img width=\"832\" height=\"555\" src=\"http:\/\/skolarusava.cz\/wp-content\/uploads\/2020\/09\/DSC00509-1024x683.jpg\" class=\"attachment-large size-large\" alt=\"\" loading=\"lazy\" srcset=\"http:\/\/skolarusava.cz\/wp-content\/uploads\/2020\/09\/DSC00509-1024x683.jpg 1024w, http:\/\/skolarusava.cz\/wp-content\/uploads\/2020\/09\/DSC00509-150x100.jpg 150w, http:\/\/skolarusava.cz\/wp-content\/uploads\/2020\/09\/DSC00509-300x200.jpg 300w, http:\/\/skolarusava.cz\/wp-content\/uploads\/2020\/09\/DSC00509-768x512.jpg 768w, http:\/\/skolarusava.cz\/wp-content\/uploads\/2020\/09\/DSC00509.jpg 1620w\" sizes=\"(max-width: 832px) 100vw, 832px\" \/><\/a>\n\t\t\t<\/div><\/figure><figure class='gallery-item'>\n\t\t\t<div class='gallery-icon landscape'>\n\t\t\t\t<a href='http:\/\/skolarusava.cz\/wp-content\/uploads\/2020\/09\/DSC00507.jpg' title=\"\" data-rl_title=\"\" class=\"rl-gallery-link\" data-rl_caption=\"\" data-rel=\"lightbox-gallery-1\"><img width=\"832\" height=\"555\" src=\"http:\/\/skolarusava.cz\/wp-content\/uploads\/2020\/09\/DSC00507-1024x683.jpg\" class=\"attachment-large size-large\" alt=\"\" loading=\"lazy\" srcset=\"http:\/\/skolarusava.cz\/wp-content\/uploads\/2020\/09\/DSC00507-1024x683.jpg 1024w, http:\/\/skolarusava.cz\/wp-content\/uploads\/2020\/09\/DSC00507-150x100.jpg 150w, http:\/\/skolarusava.cz\/wp-content\/uploads\/2020\/09\/DSC00507-300x200.jpg 300w, http:\/\/skolarusava.cz\/wp-content\/uploads\/2020\/09\/DSC00507-768x512.jpg 768w, http:\/\/skolarusava.cz\/wp-content\/uploads\/2020\/09\/DSC00507.jpg 1620w\" sizes=\"(max-width: 832px) 100vw, 832px\" \/><\/a>\n\t\t\t<\/div><\/figure><figure class='gallery-item'>\n\t\t\t<div class='gallery-icon landscape'>\n\t\t\t\t<a href='http:\/\/skolarusava.cz\/wp-content\/uploads\/2020\/09\/DSC00457.jpg' title=\"\" data-rl_title=\"\" class=\"rl-gallery-link\" data-rl_caption=\"\" data-rel=\"lightbox-gallery-1\"><img width=\"832\" height=\"555\" src=\"http:\/\/skolarusava.cz\/wp-content\/uploads\/2020\/09\/DSC00457-1024x683.jpg\" class=\"attachment-large size-large\" alt=\"\" loading=\"lazy\" srcset=\"http:\/\/skolarusava.cz\/wp-content\/uploads\/2020\/09\/DSC00457-1024x683.jpg 1024w, http:\/\/skolarusava.cz\/wp-content\/uploads\/2020\/09\/DSC00457-150x100.jpg 150w, http:\/\/skolarusava.cz\/wp-content\/uploads\/2020\/09\/DSC00457-300x200.jpg 300w, http:\/\/skolarusava.cz\/wp-content\/uploads\/2020\/09\/DSC00457-768x512.jpg 768w, http:\/\/skolarusava.cz\/wp-content\/uploads\/2020\/09\/DSC00457.jpg 1620w\" sizes=\"(max-width: 832px) 100vw, 832px\" \/><\/a>\n\t\t\t<\/div><\/figure><figure class='gallery-item'>\n\t\t\t<div class='gallery-icon landscape'>\n\t\t\t\t<a href='http:\/\/skolarusava.cz\/wp-content\/uploads\/2020\/09\/DSC00458.jpg' title=\"\" data-rl_title=\"\" class=\"rl-gallery-link\" data-rl_caption=\"\" data-rel=\"lightbox-gallery-1\"><img width=\"832\" height=\"555\" src=\"http:\/\/skolarusava.cz\/wp-content\/uploads\/2020\/09\/DSC00458-1024x683.jpg\" class=\"attachment-large size-large\" alt=\"\" loading=\"lazy\" srcset=\"http:\/\/skolarusava.cz\/wp-content\/uploads\/2020\/09\/DSC00458-1024x683.jpg 1024w, http:\/\/skolarusava.cz\/wp-content\/uploads\/2020\/09\/DSC00458-150x100.jpg 150w, http:\/\/skolarusava.cz\/wp-content\/uploads\/2020\/09\/DSC00458-300x200.jpg 300w, http:\/\/skolarusava.cz\/wp-content\/uploads\/2020\/09\/DSC00458-768x512.jpg 768w, http:\/\/skolarusava.cz\/wp-content\/uploads\/2020\/09\/DSC00458.jpg 1620w\" sizes=\"(max-width: 832px) 100vw, 832px\" \/><\/a>\n\t\t\t<\/div><\/figure><figure class='gallery-item'>\n\t\t\t<div class='gallery-icon landscape'>\n\t\t\t\t<a href='http:\/\/skolarusava.cz\/wp-content\/uploads\/2020\/09\/DSC00465.jpg' title=\"\" data-rl_title=\"\" class=\"rl-gallery-link\" data-rl_caption=\"\" data-rel=\"lightbox-gallery-1\"><img width=\"832\" height=\"555\" src=\"http:\/\/skolarusava.cz\/wp-content\/uploads\/2020\/09\/DSC00465-1024x683.jpg\" class=\"attachment-large size-large\" alt=\"\" loading=\"lazy\" srcset=\"http:\/\/skolarusava.cz\/wp-content\/uploads\/2020\/09\/DSC00465-1024x683.jpg 1024w, http:\/\/skolarusava.cz\/wp-content\/uploads\/2020\/09\/DSC00465-150x100.jpg 150w, http:\/\/skolarusava.cz\/wp-content\/uploads\/2020\/09\/DSC00465-300x200.jpg 300w, http:\/\/skolarusava.cz\/wp-content\/uploads\/2020\/09\/DSC00465-768x512.jpg 768w, http:\/\/skolarusava.cz\/wp-content\/uploads\/2020\/09\/DSC00465.jpg 1620w\" sizes=\"(max-width: 832px) 100vw, 832px\" \/><\/a>\n\t\t\t<\/div><\/figure><figure class='gallery-item'>\n\t\t\t<div class='gallery-icon landscape'>\n\t\t\t\t<a href='http:\/\/skolarusava.cz\/wp-content\/uploads\/2020\/09\/DSC00466.jpg' title=\"\" data-rl_title=\"\" class=\"rl-gallery-link\" data-rl_caption=\"\" data-rel=\"lightbox-gallery-1\"><img width=\"832\" height=\"555\" src=\"http:\/\/skolarusava.cz\/wp-content\/uploads\/2020\/09\/DSC00466-1024x683.jpg\" class=\"attachment-large size-large\" alt=\"\" loading=\"lazy\" srcset=\"http:\/\/skolarusava.cz\/wp-content\/uploads\/2020\/09\/DSC00466-1024x683.jpg 1024w, http:\/\/skolarusava.cz\/wp-content\/uploads\/2020\/09\/DSC00466-150x100.jpg 150w, http:\/\/skolarusava.cz\/wp-content\/uploads\/2020\/09\/DSC00466-300x200.jpg 300w, http:\/\/skolarusava.cz\/wp-content\/uploads\/2020\/09\/DSC00466-768x512.jpg 768w, http:\/\/skolarusava.cz\/wp-content\/uploads\/2020\/09\/DSC00466.jpg 1620w\" sizes=\"(max-width: 832px) 100vw, 832px\" \/><\/a>\n\t\t\t<\/div><\/figure><figure class='gallery-item'>\n\t\t\t<div class='gallery-icon landscape'>\n\t\t\t\t<a href='http:\/\/skolarusava.cz\/wp-content\/uploads\/2020\/09\/DSC00468.jpg' title=\"\" data-rl_title=\"\" class=\"rl-gallery-link\" data-rl_caption=\"\" data-rel=\"lightbox-gallery-1\"><img width=\"832\" height=\"555\" src=\"http:\/\/skolarusava.cz\/wp-content\/uploads\/2020\/09\/DSC00468-1024x683.jpg\" class=\"attachment-large size-large\" alt=\"\" loading=\"lazy\" srcset=\"http:\/\/skolarusava.cz\/wp-content\/uploads\/2020\/09\/DSC00468-1024x683.jpg 1024w, http:\/\/skolarusava.cz\/wp-content\/uploads\/2020\/09\/DSC00468-150x100.jpg 150w, http:\/\/skolarusava.cz\/wp-content\/uploads\/2020\/09\/DSC00468-300x200.jpg 300w, http:\/\/skolarusava.cz\/wp-content\/uploads\/2020\/09\/DSC00468-768x512.jpg 768w, http:\/\/skolarusava.cz\/wp-content\/uploads\/2020\/09\/DSC00468.jpg 1620w\" sizes=\"(max-width: 832px) 100vw, 832px\" \/><\/a>\n\t\t\t<\/div><\/figure><figure class='gallery-item'>\n\t\t\t<div class='gallery-icon landscape'>\n\t\t\t\t<a href='http:\/\/skolarusava.cz\/wp-content\/uploads\/2020\/09\/DSC00474.jpg' title=\"\" data-rl_title=\"\" class=\"rl-gallery-link\" data-rl_caption=\"\" data-rel=\"lightbox-gallery-1\"><img width=\"832\" height=\"555\" src=\"http:\/\/skolarusava.cz\/wp-content\/uploads\/2020\/09\/DSC00474-1024x683.jpg\" class=\"attachment-large size-large\" alt=\"\" loading=\"lazy\" srcset=\"http:\/\/skolarusava.cz\/wp-content\/uploads\/2020\/09\/DSC00474-1024x683.jpg 1024w, http:\/\/skolarusava.cz\/wp-content\/uploads\/2020\/09\/DSC00474-150x100.jpg 150w, http:\/\/skolarusava.cz\/wp-content\/uploads\/2020\/09\/DSC00474-300x200.jpg 300w, http:\/\/skolarusava.cz\/wp-content\/uploads\/2020\/09\/DSC00474-768x512.jpg 768w, http:\/\/skolarusava.cz\/wp-content\/uploads\/2020\/09\/DSC00474.jpg 1620w\" sizes=\"(max-width: 832px) 100vw, 832px\" \/><\/a>\n\t\t\t<\/div><\/figure><figure class='gallery-item'>\n\t\t\t<div class='gallery-icon landscape'>\n\t\t\t\t<a href='http:\/\/skolarusava.cz\/wp-content\/uploads\/2020\/09\/DSC00469.jpg' title=\"\" data-rl_title=\"\" class=\"rl-gallery-link\" data-rl_caption=\"\" data-rel=\"lightbox-gallery-1\"><img width=\"832\" height=\"555\" src=\"http:\/\/skolarusava.cz\/wp-content\/uploads\/2020\/09\/DSC00469-1024x683.jpg\" class=\"attachment-large size-large\" alt=\"\" loading=\"lazy\" srcset=\"http:\/\/skolarusava.cz\/wp-content\/uploads\/2020\/09\/DSC00469-1024x683.jpg 1024w, http:\/\/skolarusava.cz\/wp-content\/uploads\/2020\/09\/DSC00469-150x100.jpg 150w, http:\/\/skolarusava.cz\/wp-content\/uploads\/2020\/09\/DSC00469-300x200.jpg 300w, http:\/\/skolarusava.cz\/wp-content\/uploads\/2020\/09\/DSC00469-768x512.jpg 768w, http:\/\/skolarusava.cz\/wp-content\/uploads\/2020\/09\/DSC00469.jpg 1620w\" sizes=\"(max-width: 832px) 100vw, 832px\" \/><\/a>\n\t\t\t<\/div><\/figure><figure class='gallery-item'>\n\t\t\t<div class='gallery-icon landscape'>\n\t\t\t\t<a href='http:\/\/skolarusava.cz\/wp-content\/uploads\/2020\/09\/DSC00470.jpg' title=\"\" data-rl_title=\"\" class=\"rl-gallery-link\" data-rl_caption=\"\" data-rel=\"lightbox-gallery-1\"><img width=\"832\" height=\"555\" src=\"http:\/\/skolarusava.cz\/wp-content\/uploads\/2020\/09\/DSC00470-1024x683.jpg\" class=\"attachment-large size-large\" alt=\"\" loading=\"lazy\" srcset=\"http:\/\/skolarusava.cz\/wp-content\/uploads\/2020\/09\/DSC00470-1024x683.jpg 1024w, http:\/\/skolarusava.cz\/wp-content\/uploads\/2020\/09\/DSC00470-150x100.jpg 150w, http:\/\/skolarusava.cz\/wp-content\/uploads\/2020\/09\/DSC00470-300x200.jpg 300w, http:\/\/skolarusava.cz\/wp-content\/uploads\/2020\/09\/DSC00470-768x512.jpg 768w, http:\/\/skolarusava.cz\/wp-content\/uploads\/2020\/09\/DSC00470.jpg 1620w\" sizes=\"(max-width: 832px) 100vw, 832px\" \/><\/a>\n\t\t\t<\/div><\/figure><figure class='gallery-item'>\n\t\t\t<div class='gallery-icon landscape'>\n\t\t\t\t<a href='http:\/\/skolarusava.cz\/wp-content\/uploads\/2020\/09\/DSC00453.jpg' title=\"\" data-rl_title=\"\" class=\"rl-gallery-link\" data-rl_caption=\"\" data-rel=\"lightbox-gallery-1\"><img width=\"832\" height=\"555\" src=\"http:\/\/skolarusava.cz\/wp-content\/uploads\/2020\/09\/DSC00453-1024x683.jpg\" class=\"attachment-large size-large\" alt=\"\" loading=\"lazy\" srcset=\"http:\/\/skolarusava.cz\/wp-content\/uploads\/2020\/09\/DSC00453-1024x683.jpg 1024w, http:\/\/skolarusava.cz\/wp-content\/uploads\/2020\/09\/DSC00453-150x100.jpg 150w, http:\/\/skolarusava.cz\/wp-content\/uploads\/2020\/09\/DSC00453-300x200.jpg 300w, http:\/\/skolarusava.cz\/wp-content\/uploads\/2020\/09\/DSC00453-768x512.jpg 768w, http:\/\/skolarusava.cz\/wp-content\/uploads\/2020\/09\/DSC00453.jpg 1620w\" sizes=\"(max-width: 832px) 100vw, 832px\" \/><\/a>\n\t\t\t<\/div><\/figure><figure class='gallery-item'>\n\t\t\t<div class='gallery-icon landscape'>\n\t\t\t\t<a href='http:\/\/skolarusava.cz\/wp-content\/uploads\/2020\/09\/DSC00454.jpg' title=\"\" data-rl_title=\"\" class=\"rl-gallery-link\" data-rl_caption=\"\" data-rel=\"lightbox-gallery-1\"><img width=\"832\" height=\"555\" src=\"http:\/\/skolarusava.cz\/wp-content\/uploads\/2020\/09\/DSC00454-1024x683.jpg\" class=\"attachment-large size-large\" alt=\"\" loading=\"lazy\" srcset=\"http:\/\/skolarusava.cz\/wp-content\/uploads\/2020\/09\/DSC00454-1024x683.jpg 1024w, http:\/\/skolarusava.cz\/wp-content\/uploads\/2020\/09\/DSC00454-150x100.jpg 150w, http:\/\/skolarusava.cz\/wp-content\/uploads\/2020\/09\/DSC00454-300x200.jpg 300w, http:\/\/skolarusava.cz\/wp-content\/uploads\/2020\/09\/DSC00454-768x512.jpg 768w, http:\/\/skolarusava.cz\/wp-content\/uploads\/2020\/09\/DSC00454.jpg 1620w\" sizes=\"(max-width: 832px) 100vw, 832px\" \/><\/a>\n\t\t\t<\/div><\/figure>\n\t\t<\/div>\n\n<div id='gallery-2' class='gallery galleryid-49 gallery-columns-4 gallery-size-thumbnail'><figure class='gallery-item'>\n\t\t\t<div class='gallery-icon landscape'>\n\t\t\t\t<a href='http:\/\/skolarusava.cz\/wp-content\/uploads\/2020\/10\/DSCN3547.jpg' title=\"\" data-rl_title=\"\" class=\"rl-gallery-link\" data-rl_caption=\"\" data-rel=\"lightbox-gallery-2\"><img width=\"150\" height=\"113\" src=\"http:\/\/skolarusava.cz\/wp-content\/uploads\/2020\/10\/DSCN3547-150x113.jpg\" class=\"attachment-thumbnail size-thumbnail\" alt=\"\" loading=\"lazy\" srcset=\"http:\/\/skolarusava.cz\/wp-content\/uploads\/2020\/10\/DSCN3547-150x113.jpg 150w, http:\/\/skolarusava.cz\/wp-content\/uploads\/2020\/10\/DSCN3547-300x225.jpg 300w, http:\/\/skolarusava.cz\/wp-content\/uploads\/2020\/10\/DSCN3547-768x576.jpg 768w, http:\/\/skolarusava.cz\/wp-content\/uploads\/2020\/10\/DSCN3547.jpg 1000w\" sizes=\"(max-width: 150px) 100vw, 150px\" \/><\/a>\n\t\t\t<\/div><\/figure><figure class='gallery-item'>\n\t\t\t<div class='gallery-icon landscape'>\n\t\t\t\t<a href='http:\/\/skolarusava.cz\/wp-content\/uploads\/2020\/10\/DSCN3544.jpg' title=\"\" data-rl_title=\"\" class=\"rl-gallery-link\" data-rl_caption=\"\" data-rel=\"lightbox-gallery-2\"><img width=\"150\" height=\"113\" src=\"http:\/\/skolarusava.cz\/wp-content\/uploads\/2020\/10\/DSCN3544-150x113.jpg\" class=\"attachment-thumbnail size-thumbnail\" alt=\"\" loading=\"lazy\" srcset=\"http:\/\/skolarusava.cz\/wp-content\/uploads\/2020\/10\/DSCN3544-150x113.jpg 150w, http:\/\/skolarusava.cz\/wp-content\/uploads\/2020\/10\/DSCN3544-300x225.jpg 300w, http:\/\/skolarusava.cz\/wp-content\/uploads\/2020\/10\/DSCN3544-768x576.jpg 768w, http:\/\/skolarusava.cz\/wp-content\/uploads\/2020\/10\/DSCN3544.jpg 1000w\" sizes=\"(max-width: 150px) 100vw, 150px\" \/><\/a>\n\t\t\t<\/div><\/figure><figure class='gallery-item'>\n\t\t\t<div class='gallery-icon landscape'>\n\t\t\t\t<a href='http:\/\/skolarusava.cz\/wp-content\/uploads\/2020\/10\/DSCN3536.jpg' title=\"\" data-rl_title=\"\" class=\"rl-gallery-link\" data-rl_caption=\"\" data-rel=\"lightbox-gallery-2\"><img width=\"150\" height=\"113\" src=\"http:\/\/skolarusava.cz\/wp-content\/uploads\/2020\/10\/DSCN3536-150x113.jpg\" class=\"attachment-thumbnail size-thumbnail\" alt=\"\" loading=\"lazy\" srcset=\"http:\/\/skolarusava.cz\/wp-content\/uploads\/2020\/10\/DSCN3536-150x113.jpg 150w, http:\/\/skolarusava.cz\/wp-content\/uploads\/2020\/10\/DSCN3536-300x225.jpg 300w, http:\/\/skolarusava.cz\/wp-content\/uploads\/2020\/10\/DSCN3536-768x576.jpg 768w, http:\/\/skolarusava.cz\/wp-content\/uploads\/2020\/10\/DSCN3536.jpg 1000w\" sizes=\"(max-width: 150px) 100vw, 150px\" \/><\/a>\n\t\t\t<\/div><\/figure><figure class='gallery-item'>\n\t\t\t<div class='gallery-icon landscape'>\n\t\t\t\t<a href='http:\/\/skolarusava.cz\/wp-content\/uploads\/2020\/10\/DSCN3529.jpg' title=\"\" data-rl_title=\"\" class=\"rl-gallery-link\" data-rl_caption=\"\" data-rel=\"lightbox-gallery-2\"><img width=\"150\" height=\"113\" src=\"http:\/\/skolarusava.cz\/wp-content\/uploads\/2020\/10\/DSCN3529-150x113.jpg\" class=\"attachment-thumbnail size-thumbnail\" alt=\"\" loading=\"lazy\" srcset=\"http:\/\/skolarusava.cz\/wp-content\/uploads\/2020\/10\/DSCN3529-150x113.jpg 150w, http:\/\/skolarusava.cz\/wp-content\/uploads\/2020\/10\/DSCN3529-300x225.jpg 300w, http:\/\/skolarusava.cz\/wp-content\/uploads\/2020\/10\/DSCN3529-768x576.jpg 768w, http:\/\/skolarusava.cz\/wp-content\/uploads\/2020\/10\/DSCN3529.jpg 1000w\" sizes=\"(max-width: 150px) 100vw, 150px\" \/><\/a>\n\t\t\t<\/div><\/figure>\n\t\t<\/div>\n\n<h4>Charakteristika \u0161koly<\/h4>\n<p>\u0160kola\u00a0 m\u00e1\u00a0 3 t\u0159\u00eddy:<\/p>\n<p>1. t\u0159\u00edda &#8211; Mgr. Magda Kutrov\u00e1 (magda.kutrova@seznam.cz)<\/p>\n<p>2. a 5. t\u0159\u00edda &#8211; Mgr. Anna Hru\u0161kov\u00e1 (zsrusava@volny.cz)<\/p>\n<p>3. a 4. t\u0159\u00edda &#8211; Mgr. Petra Regerov\u00e1\u00a0 (pzamek@seznam.cz)<\/p>\n<p>Po\u010det \u017e\u00e1k\u016f: 40<\/p>\n<h4>\u00daplnost a velikost \u0161koly<\/h4>\n<p>\u0160kola byla zalo\u017eena v\u00a0roce 1930. V\u00a0letech 2000 \u2013 2001 do\u0161lo k\u00a0rekonstrukci a p\u0159\u00edstavb\u011b \u0161koly. M\u00edsto b\u00fdval\u00e9 mal\u00e9 t\u011blocvi\u010dny byla p\u0159istavena t\u011blocvi\u010dna odpov\u00eddaj\u00edc\u00ed svou velikost\u00ed. \u0160kola je prostorn\u00e1, nad t\u011blocvi\u010dnou byly p\u0159istaveny kabinety a jedna t\u0159\u00edda. V\u00a0roce 2016 bylo vybudov\u00e1no v\u00edce\u00fa\u010delov\u00e9 \u0161koln\u00ed h\u0159i\u0161t\u011b. \u0160kola poskytuje z\u00e1kladn\u00ed vzd\u011bl\u00e1n\u00ed cca 60 d\u011btem v\u00a01. a\u017e 5. postupn\u00e9m ro\u010dn\u00edku.<\/p>\n<h4>Um\u00edst\u011bn\u00ed \u0161koly<\/h4>\n<p>\u0160kola je um\u00edst\u011bna v malebn\u00e9m prost\u0159ed\u00ed Host\u00fdnsk\u00fdch vrch\u016f, v\u00a0centru obce Rusava, s\u00a0dobrou dostupnost\u00ed autobusov\u00e9 dopravy pro doj\u00ed\u017ed\u011bj\u00edc\u00ed \u017e\u00e1ky. Autobusov\u00e1 zast\u00e1vka je um\u00edst\u011bna p\u0159\u00edmo u \u0161koly. Jedn\u00e1 se o budovu s\u00a0mnohaletou \u0161koln\u00ed tradic\u00ed. Vzhledem k\u00a0sv\u00e9mu um\u00edst\u011bn\u00ed jsou sou\u010d\u00e1st\u00ed v\u00fduky vych\u00e1zky do p\u0159\u00edrody, vyu\u017eit\u00ed teoretick\u00fdch poznatk\u016f v\u00a0praxi (zejm\u00e9na v\u00a0p\u0159edm\u011btech prvouka, p\u0159\u00edrodov\u011bda a vlastiv\u011bda), sportovn\u00ed hry a \u010dinnosti v\u00a0p\u0159\u00edrod\u011b. Z\u00a0obce vedou turistick\u00e9 trasy a cyklostezky do \u0161irok\u00e9ho okol\u00ed. V\u00a0bl\u00edzkosti \u0161koly se nach\u00e1z\u00ed ly\u017ea\u0159sk\u00fd vlek a koupali\u0161t\u011b s\u00a0kolektorov\u00fdm vyh\u0159\u00edv\u00e1n\u00edm.<\/p>\n<p>\u0160kolu nav\u0161t\u011bvuj\u00ed tak\u00e9 d\u011bti z\u00a0 okoln\u00edch vesnic (Brusn\u00e9, Chom\u00fd\u017e).\u00a0 Autobusov\u00e9 spojen\u00ed s\u00a0okoln\u00edmi vesnicemi je velmi dobr\u00e9.<\/p>\n<p>Materi\u00e1ln\u00ed vybaven\u00ed je dostate\u010dn\u00e9, u\u010debn\u00ed pom\u016fcky, u\u010debnice a u\u010debn\u00ed texty jsou postupn\u011b obnovov\u00e1ny. Profesn\u00ed rozvoj pedagog\u016f je zaji\u0161\u0165ov\u00e1n v\u00a0r\u00e1mci dal\u0161\u00edho vzd\u011bl\u00e1v\u00e1n\u00ed pracovn\u00edk\u016f.<\/p>\n","protected":false},"excerpt":{"rendered":"<p>Charakteristika \u0161koly \u0160kola\u00a0 m\u00e1\u00a0 3 t\u0159\u00eddy: 1. t\u0159\u00edda &#8211; Mgr. Magda Kutrov\u00e1 (magda.kutrova@seznam.cz) 2. a 5. t\u0159\u00edda &#8211; Mgr. Anna Hru\u0161kov\u00e1 (zsrusava@volny.cz) 3. a 4. t\u0159\u00edda &#8211; Mgr. Petra Regerov\u00e1\u00a0 (pzamek@seznam.cz) Po\u010det \u017e\u00e1k\u016f: 40 \u00daplnost a velikost \u0161koly \u0160kola byla &hellip; <\/p>\n","protected":false},"author":1,"featured_media":0,"parent":0,"menu_order":0,"comment_status":"closed","ping_status":"closed","template":"","meta":[],"_links":{"self":[{"href":"http:\/\/skolarusava.cz\/index.php?rest_route=\/wp\/v2\/pages\/49"}],"collection":[{"href":"http:\/\/skolarusava.cz\/index.php?rest_route=\/wp\/v2\/pages"}],"about":[{"href":"http:\/\/skolarusava.cz\/index.php?rest_route=\/wp\/v2\/types\/page"}],"author":[{"embeddable":true,"href":"http:\/\/skolarusava.cz\/index.php?rest_route=\/wp\/v2\/users\/1"}],"replies":[{"embeddable":true,"href":"http:\/\/skolarusava.cz\/index.php?rest_route=%2Fwp%2Fv2%2Fcomments&post=49"}],"version-history":[{"count":26,"href":"http:\/\/skolarusava.cz\/index.php?rest_route=\/wp\/v2\/pages\/49\/revisions"}],"predecessor-version":[{"id":9024,"href":"http:\/\/skolarusava.cz\/index.php?rest_route=\/wp\/v2\/pages\/49\/revisions\/9024"}],"wp:attachment":[{"href":"http:\/\/skolarusava.cz\/index.php?rest_route=%2Fwp%2Fv2%2Fmedia&parent=49"}],"curies":[{"name":"wp","href":"https:\/\/api.w.org\/{rel}","templated":true}]}}