{"id":239,"date":"2017-03-08T16:36:28","date_gmt":"2017-03-08T15:36:28","guid":{"rendered":"http:\/\/skolarusava.cz\/?page_id=239"},"modified":"2026-01-07T07:06:02","modified_gmt":"2026-01-07T06:06:02","slug":"zamestnanci","status":"publish","type":"page","link":"http:\/\/skolarusava.cz\/?page_id=239","title":{"rendered":"Zam\u011bstnanci"},"content":{"rendered":"<p><strong>Pedagogick\u00fd person\u00e1l:<\/strong><\/p>\n<p>V\u0161echny pedagogick\u00e9 pracovnice spl\u0148uj\u00ed po\u017eadovanou kvalifikaci, st\u00e1le se d\u00e1le sebevzd\u011bl\u00e1vaj\u00ed a maxim\u00e1ln\u011b vyu\u017e\u00edvaj\u00ed nab\u00eddek r\u016fzn\u00fdch vzd\u011bl\u00e1vac\u00edch instituc\u00ed.<\/p>\n<p>Eva Oherov\u00e1 &#8211; u\u010ditelka pov\u011b\u0159en\u00e1 veden\u00edm M\u0160<\/p>\n<p>Denisa Vacul\u00edkov\u00e1 \u2013 u\u010ditelka<\/p>\n<p>Lucie Tijssen &#8211; asistentka pedagoga<\/p>\n<h5>Provozn\u00ed person\u00e1l:<\/h5>\n<p>Provozn\u00ed person\u00e1l zabezpe\u010duje plynul\u00fd chod \u0161koly po provozn\u00ed str\u00e1nce, v\u0161echny prostory udr\u017euje v n\u00e1le\u017eit\u00e9 \u010distot\u011b a v souladu s po\u017eadovanou legislativou na provoz \u0161kol a \u0161kolsk\u00fdch za\u0159\u00edzen\u00ed.<\/p>\n<p>Hana Bedn\u00e1\u0159ov\u00e1 \u2013 ukl\u00edze\u010dka, pomocn\u00e1 kucha\u0159ka<\/p>\n","protected":false},"excerpt":{"rendered":"<p>Pedagogick\u00fd person\u00e1l: V\u0161echny pedagogick\u00e9 pracovnice spl\u0148uj\u00ed po\u017eadovanou kvalifikaci, st\u00e1le se d\u00e1le sebevzd\u011bl\u00e1vaj\u00ed a maxim\u00e1ln\u011b vyu\u017e\u00edvaj\u00ed nab\u00eddek r\u016fzn\u00fdch vzd\u011bl\u00e1vac\u00edch instituc\u00ed. Eva Oherov\u00e1 &#8211; u\u010ditelka pov\u011b\u0159en\u00e1 veden\u00edm M\u0160 Denisa Vacul\u00edkov\u00e1 \u2013 u\u010ditelka Lucie Tijssen &#8211; asistentka pedagoga Provozn\u00ed person\u00e1l: Provozn\u00ed person\u00e1l zabezpe\u010duje &hellip; <\/p>\n","protected":false},"author":1,"featured_media":0,"parent":0,"menu_order":0,"comment_status":"closed","ping_status":"closed","template":"","meta":[],"_links":{"self":[{"href":"http:\/\/skolarusava.cz\/index.php?rest_route=\/wp\/v2\/pages\/239"}],"collection":[{"href":"http:\/\/skolarusava.cz\/index.php?rest_route=\/wp\/v2\/pages"}],"about":[{"href":"http:\/\/skolarusava.cz\/index.php?rest_route=\/wp\/v2\/types\/page"}],"author":[{"embeddable":true,"href":"http:\/\/skolarusava.cz\/index.php?rest_route=\/wp\/v2\/users\/1"}],"replies":[{"embeddable":true,"href":"http:\/\/skolarusava.cz\/index.php?rest_route=%2Fwp%2Fv2%2Fcomments&post=239"}],"version-history":[{"count":13,"href":"http:\/\/skolarusava.cz\/index.php?rest_route=\/wp\/v2\/pages\/239\/revisions"}],"predecessor-version":[{"id":9331,"href":"http:\/\/skolarusava.cz\/index.php?rest_route=\/wp\/v2\/pages\/239\/revisions\/9331"}],"wp:attachment":[{"href":"http:\/\/skolarusava.cz\/index.php?rest_route=%2Fwp%2Fv2%2Fmedia&parent=239"}],"curies":[{"name":"wp","href":"https:\/\/api.w.org\/{rel}","templated":true}]}}