{"id":1111,"date":"2018-01-30T14:41:23","date_gmt":"2018-01-30T13:41:23","guid":{"rendered":"http:\/\/skolarusava.cz\/?page_id=1111"},"modified":"2019-09-03T12:38:01","modified_gmt":"2019-09-03T10:38:01","slug":"archiv-dokumentu","status":"publish","type":"page","link":"http:\/\/skolarusava.cz\/?page_id=1111","title":{"rendered":"Archiv dokument\u016f"},"content":{"rendered":"\n<table id=\"tablepress-5\" class=\"tablepress tablepress-id-5\">\n<thead>\n<tr class=\"row-1 odd\">\n\t<th class=\"column-1\">N\u00e1zev<\/th><th class=\"column-2\">Vyv\u011b\u0161eno<\/th><th class=\"column-3\">Sv\u011b\u0161eno<\/th>\n<\/tr>\n<\/thead>\n<tbody class=\"row-hover\">\n<tr class=\"row-2 even\">\n\t<td class=\"column-1\"><a href=\"http:\/\/skolarusava.cz\/wp-content\/uploads\/2025\/01\/Schvaleny-rozpocet-na-rok-2025.pdf\" rel=\"noopener\" target=\"_blank\">Schv\u00e1len\u00fd rozpo\u010det na rok 2025<\/a><\/td><td class=\"column-2\">5.1.2026<\/td><td class=\"column-3\"><\/td>\n<\/tr>\n<tr class=\"row-3 odd\">\n\t<td class=\"column-1\"><a href=\"http:\/\/skolarusava.cz\/wp-content\/uploads\/2025\/01\/Schvaleny-strednedoby-vyhled-na-rok-2026-27.pdf\" rel=\"noopener\" target=\"_blank\">Schv\u00e1len\u00fd st\u0159edn\u011bdob\u00fd v\u00fdhled na rok 2026-2027<\/a><\/td><td class=\"column-2\">5.1.2026<\/td><td class=\"column-3\"><\/td>\n<\/tr>\n<tr class=\"row-4 even\">\n\t<td class=\"column-1\"><a href=\"http:\/\/skolarusava.cz\/wp-content\/uploads\/2025\/01\/Navrh-strednedovy-vyhled-na-rok-2026-2027.pdf\" rel=\"noopener\" target=\"_blank\">N\u00e1vrh - st\u0159edn\u011bdob\u00fd v\u00fdhled na rok 2026-2027<\/a><\/td><td class=\"column-2\">5.11.2025<\/td><td class=\"column-3\">5.1.2026<\/td>\n<\/tr>\n<tr class=\"row-5 odd\">\n\t<td class=\"column-1\"><a href=\"http:\/\/skolarusava.cz\/wp-content\/uploads\/2025\/01\/Navrh-rozpocet-na-rok-2025.pdf\" rel=\"noopener\" target=\"_blank\">N\u00e1vrh rozpo\u010dtu na rok 2025<\/a><\/td><td class=\"column-2\">5.11.2025<\/td><td class=\"column-3\">5.1.2026<\/td>\n<\/tr>\n<tr class=\"row-6 even\">\n\t<td class=\"column-1\"><a href=\"http:\/\/skolarusava.cz\/wp-content\/uploads\/2024\/01\/Schvaleny-rozpocet-na-rok-2024-1.pdf\" rel=\"noopener\" target=\"_blank\">Schv\u00e1len\u00fd rozpo\u010det na rok 2024<\/a><\/td><td class=\"column-2\">5.1.2025<\/td><td class=\"column-3\">31.12.2025<\/td>\n<\/tr>\n<tr class=\"row-7 odd\">\n\t<td class=\"column-1\"><a href=\"http:\/\/skolarusava.cz\/wp-content\/uploads\/2024\/01\/Schvaleny-strednedoby-vyhled-na-rok-2025-26.pdf\" rel=\"noopener\" target=\"_blank\">Schv\u00e1len\u00fd st\u0159edn\u011bdob\u00fd v\u00fdhled na rok 2025-2026<\/a><\/td><td class=\"column-2\">5.1.2025<\/td><td class=\"column-3\">31.12.2025<\/td>\n<\/tr>\n<tr class=\"row-8 even\">\n\t<td class=\"column-1\"><a href=\"http:\/\/skolarusava.cz\/wp-content\/uploads\/2024\/01\/Navrh-strednedoby-vyhled-na-rok-2025-2026.pdf\" rel=\"noopener\" target=\"_blank\">N\u00e1vrh - st\u0159edn\u011bdob\u00fd v\u00fdhled na rok 2025-2026<\/a><\/td><td class=\"column-2\">21.11.2024<\/td><td class=\"column-3\">5.1.2025<\/td>\n<\/tr>\n<tr class=\"row-9 odd\">\n\t<td class=\"column-1\"><a href=\"http:\/\/skolarusava.cz\/wp-content\/uploads\/2024\/01\/Navrh-rozpocet-na-rok-2024.pdf\" rel=\"noopener\" target=\"_blank\">N\u00e1vrh rozpo\u010dtu na rok 2024<\/a><\/td><td class=\"column-2\">21.11.2024<\/td><td class=\"column-3\">5.1.2025<\/td>\n<\/tr>\n<tr class=\"row-10 even\">\n\t<td class=\"column-1\"><a href=\"http:\/\/skolarusava.cz\/wp-content\/uploads\/2024\/01\/Schvaleny-rozpocet-na-rok-2024.pdf\" rel=\"noopener\" target=\"_blank\">Schv\u00e1len\u00fd rozpo\u010det na rok 2024<\/a><\/td><td class=\"column-2\">5.1.2024<\/td><td class=\"column-3\">31.12.2024<\/td>\n<\/tr>\n<tr class=\"row-11 odd\">\n\t<td class=\"column-1\"><a href=\"http:\/\/skolarusava.cz\/wp-content\/uploads\/2023\/03\/Schvaleny-strednedoby-vyhled-na-rok-2024-25.pdf\" rel=\"noopener\" target=\"_blank\">Schv\u00e1len\u00fd st\u0159edn\u011bdob\u00fd v\u00fdhled na rok 2024-2025<\/a><\/td><td class=\"column-2\">5.1.2024<\/td><td class=\"column-3\">31.12.2024<\/td>\n<\/tr>\n<tr class=\"row-12 even\">\n\t<td class=\"column-1\"><a href=\"http:\/\/skolarusava.cz\/wp-content\/uploads\/2023\/03\/Navrh-strednedoby-vyhled-na-rok-2024-2025.pdf\" rel=\"noopener\" target=\"_blank\">N\u00e1vrh - st\u0159edn\u011bdob\u00fd v\u00fdhled na rok 2024-2025<\/a><\/td><td class=\"column-2\">21.11.2023<\/td><td class=\"column-3\">5.1.2024<\/td>\n<\/tr>\n<tr class=\"row-13 odd\">\n\t<td class=\"column-1\"><a href=\"http:\/\/skolarusava.cz\/wp-content\/uploads\/2023\/03\/Navrh-rozpoctu-na-rok-2023.pdf\" rel=\"noopener\" target=\"_blank\">N\u00e1vrh rozpo\u010dtu na rok 2023<\/a><\/td><td class=\"column-2\">21.11.2023<\/td><td class=\"column-3\">5.1.2024<\/td>\n<\/tr>\n<tr class=\"row-14 even\">\n\t<td class=\"column-1\"><a href=\"http:\/\/skolarusava.cz\/wp-content\/uploads\/2023\/03\/Schvaleny-rozpocet-na-rok-2023.pdf\" rel=\"noopener\" target=\"_blank\">Schv\u00e1len\u00fd rozpo\u010det na rok 2023<\/a><\/td><td class=\"column-2\">5.1.2023<\/td><td class=\"column-3\">31.12.2023<\/td>\n<\/tr>\n<tr class=\"row-15 odd\">\n\t<td class=\"column-1\"><a href=\"http:\/\/skolarusava.cz\/wp-content\/uploads\/2023\/03\/Schvaleny-strednedoby-vyhled-na-rok-2024-25.pdf\" rel=\"noopener\" target=\"_blank\">Schv\u00e1len\u00fd st\u0159edn\u011bdob\u00fd v\u00fdhled na rok 2024-2025<\/a><\/td><td class=\"column-2\">5.1.2023<\/td><td class=\"column-3\">31.12.2023<\/td>\n<\/tr>\n<tr class=\"row-16 even\">\n\t<td class=\"column-1\"><a href=\"http:\/\/skolarusava.cz\/wp-content\/uploads\/2023\/03\/Navrh-strednedoby-vyhled-na-rok-2024-2025.pdf\" rel=\"noopener\" target=\"_blank\">N\u00e1vrh - st\u0159edn\u011bdob\u00fd v\u00fdhled na rok 2024-2025<\/a><\/td><td class=\"column-2\">23.11.2022<\/td><td class=\"column-3\">5.1.2023<\/td>\n<\/tr>\n<tr class=\"row-17 odd\">\n\t<td class=\"column-1\"><a href=\"http:\/\/skolarusava.cz\/wp-content\/uploads\/2023\/03\/Navrh-rozpoctu-na-rok-2023.pdf\" rel=\"noopener\" target=\"_blank\">N\u00e1vrh rozpo\u010dtu na rok 2023<\/a><\/td><td class=\"column-2\">23.11.2022<\/td><td class=\"column-3\">5.1.2023<\/td>\n<\/tr>\n<tr class=\"row-18 even\">\n\t<td class=\"column-1\"><a href=\"http:\/\/skolarusava.cz\/wp-content\/uploads\/2022\/02\/Schvaleny-rozpocet-na-rok-2022.pdf\" rel=\"noopener\" target=\"_blank\">Schv\u00e1len\u00fd rozpo\u010det na rok 2022<\/a><\/td><td class=\"column-2\">25.1.2022<\/td><td class=\"column-3\">31.12.2022<\/td>\n<\/tr>\n<tr class=\"row-19 odd\">\n\t<td class=\"column-1\"><a href=\"http:\/\/skolarusava.cz\/wp-content\/uploads\/2022\/02\/Schvaleny-strednedoby-vyhled-na-rok-2023-2024.pdf\" rel=\"noopener\" target=\"_blank\">Schv\u00e1len\u00fd st\u0159edn\u011bdob\u00fd v\u00fdhled na rok 2023-2024<\/a><\/td><td class=\"column-2\">25.1.2022<\/td><td class=\"column-3\">31.12.2022<\/td>\n<\/tr>\n<tr class=\"row-20 even\">\n\t<td class=\"column-1\"><a href=\"http:\/\/skolarusava.cz\/wp-content\/uploads\/2022\/02\/Navrh-strednedovy-vyhled-na-rok-2023-2024.pdf\" rel=\"noopener\" target=\"_blank\">N\u00e1vrh - st\u0159edn\u011bdob\u00fd v\u00fdhled na rok 2023-2024<\/a><\/td><td class=\"column-2\">15.11.2021<\/td><td class=\"column-3\">25.1.2022<\/td>\n<\/tr>\n<tr class=\"row-21 odd\">\n\t<td class=\"column-1\"><a href=\"http:\/\/skolarusava.cz\/wp-content\/uploads\/2022\/02\/Navrh-rozpocet-na-rok-2022.pdf\" rel=\"noopener\" target=\"_blank\">N\u00e1vrh rozpo\u010det na rok 2022<\/a><\/td><td class=\"column-2\">15.11.2021<\/td><td class=\"column-3\">25.1.2022<\/td>\n<\/tr>\n<tr class=\"row-22 even\">\n\t<td class=\"column-1\"><a href=\"http:\/\/skolarusava.cz\/wp-content\/uploads\/2020\/12\/Schvaleny-rozpocet-na-rok-2021.pdf\">Schv\u00e1len\u00fd rozpo\u010det na rok 2021<\/a><\/td><td class=\"column-2\">14.12.2021<\/td><td class=\"column-3\">31.12.2021<\/td>\n<\/tr>\n<tr class=\"row-23 odd\">\n\t<td class=\"column-1\"><a href=\"http:\/\/skolarusava.cz\/wp-content\/uploads\/2020\/12\/Schvaleny-strednedoby-vyhled-na-rok-2022-2023.pdf\">Schv\u00e1len\u00fd st\u0159edn\u011bdob\u00fd v\u00fdhled na rok 2022-23<\/a><br \/>\n<\/td><td class=\"column-2\">14.12.2021<\/td><td class=\"column-3\">31.12.2021<\/td>\n<\/tr>\n<tr class=\"row-24 even\">\n\t<td class=\"column-1\"><a href=\"http:\/\/skolarusava.cz\/wp-content\/uploads\/2020\/12\/Navrh-strednedoby-vyhled-na-rok-2022-23.pdf\">N\u00e1vrh - st\u0159edn\u011bdob\u00fd v\u00fdhled na rok 2022-23<\/a><\/td><td class=\"column-2\">16.11.2020<\/td><td class=\"column-3\">14.1.2021<\/td>\n<\/tr>\n<tr class=\"row-25 odd\">\n\t<td class=\"column-1\"><a href=\"http:\/\/skolarusava.cz\/wp-content\/uploads\/2020\/12\/Navrh-rozpocet-na-rok-2021.pdf\">N\u00e1vrh rozpo\u010det na rok 2021<\/a><\/td><td class=\"column-2\">16.11.2020<\/td><td class=\"column-3\">14.1.2021<\/td>\n<\/tr>\n<tr class=\"row-26 even\">\n\t<td class=\"column-1\"><a href=\"http:\/\/skolarusava.cz\/wp-content\/uploads\/2020\/01\/Schv\u00e1len\u00fd-rozpo\u010det-na-rok-2020-1.pdf\">Schv\u00e1len\u00fd rozpo\u010det na rok 2020<\/a><\/td><td class=\"column-2\">10.1.2020<\/td><td class=\"column-3\">31.12.2020<\/td>\n<\/tr>\n<tr class=\"row-27 odd\">\n\t<td class=\"column-1\"><a href=\"http:\/\/skolarusava.cz\/wp-content\/uploads\/2020\/01\/Schv\u00e1len\u00fd-st\u0159edn\u011bdob\u00fd-v\u00fdhled-na-rok-2021-22.pdf\">Schv\u00e1len\u00fd st\u0159edn\u011bdob\u00fd v\u00fdhled na rok 2021-22<\/a><\/td><td class=\"column-2\">10.1.2020<\/td><td class=\"column-3\">31.12.2020<\/td>\n<\/tr>\n<tr class=\"row-28 even\">\n\t<td class=\"column-1\"><a href=\"http:\/\/skolarusava.cz\/wp-content\/uploads\/2020\/01\/N\u00e1vrh-st\u0159edn\u011bdob\u00fd-v\u00fdhled-na-rok-2022-21.pdf\">N\u00e1vrh - st\u0159edn\u011bdob\u00fd v\u00fdhled na rok 2022-21<\/a><\/td><td class=\"column-2\">15.11.2019<\/td><td class=\"column-3\">10.1.2020<\/td>\n<\/tr>\n<tr class=\"row-29 odd\">\n\t<td class=\"column-1\"><a href=\"http:\/\/skolarusava.cz\/wp-content\/uploads\/2020\/01\/N\u00e1vrh-rozpo\u010det-na-rok-2020.pdf\">N\u00e1vrh rozpo\u010det na rok 2020<\/a><\/td><td class=\"column-2\">15.11.2019<\/td><td class=\"column-3\">10.1.2020<\/td>\n<\/tr>\n<tr class=\"row-30 even\">\n\t<td class=\"column-1\"><a href=\"http:\/\/skolarusava.cz\/wp-content\/uploads\/2020\/01\/Schv\u00e1len\u00fd-rozpo\u010det-na-rok-2019.pdf\">Schv\u00e1len\u00fd rozpo\u010det na rok 2019<\/a><\/td><td class=\"column-2\">7.1.2019<\/td><td class=\"column-3\">31.12.2019<\/td>\n<\/tr>\n<tr class=\"row-31 odd\">\n\t<td class=\"column-1\"><a href=\"http:\/\/skolarusava.cz\/wp-content\/uploads\/2020\/01\/Schv\u00e1len\u00fd-st\u0159edn\u011bdob\u00fd-v\u00fdhled-na-rok-2020-21.pdf\">Schv\u00e1len\u00fd st\u0159edn\u011bdob\u00fd v\u00fdhled rozpo\u010dtu na rok 2020-2021<\/a><\/td><td class=\"column-2\">7.1.2019<\/td><td class=\"column-3\">31.12.2019<\/td>\n<\/tr>\n<tr class=\"row-32 even\">\n\t<td class=\"column-1\"><a href=\"http:\/\/skolarusava.cz\/wp-content\/uploads\/2020\/01\/N\u00e1vrh-st\u0159edn\u011bdob\u00fd-v\u00fdhled-na-rok-2020-21.pdf\">N\u00e1vrh -  st\u0159edn\u011bdob\u00fd v\u00fdhled rozpo\u010dtu na rok 2020-2021<\/a><\/td><td class=\"column-2\">14.11.2018<\/td><td class=\"column-3\">17.1.2019<\/td>\n<\/tr>\n<tr class=\"row-33 odd\">\n\t<td class=\"column-1\"><a href=\"http:\/\/skolarusava.cz\/wp-content\/uploads\/2020\/01\/N\u00e1vrh-rozpo\u010det-na-rok-2019.pdf\">N\u00e1vrh rozpo\u010dtu na rok 2019<\/a><\/td><td class=\"column-2\">14.11.2018<\/td><td class=\"column-3\">17.1.2019<\/td>\n<\/tr>\n<tr class=\"row-34 even\">\n\t<td class=\"column-1\"><a href=\"http:\/\/skolarusava.cz\/wp-content\/uploads\/2017\/03\/Schv\u00e1len\u00fd-rozpo\u010det-na-rok-2018.pdf\">Schv\u00e1len\u00fd rozpo\u010det na rok 2018<\/a><\/td><td class=\"column-2\">17.1.2018<\/td><td class=\"column-3\">31.12.2018<\/td>\n<\/tr>\n<tr class=\"row-35 odd\">\n\t<td class=\"column-1\"><a href=\"http:\/\/skolarusava.cz\/wp-content\/uploads\/2017\/03\/Schv\u00e1len\u00fd-st\u0159edn\u011bdob\u00fd-v\u00fdhled-na-rok-2019-2020.pdf\">Schv\u00e1len\u00fd st\u0159edn\u011bdob\u00fd v\u00fdhled rozpo\u010dtu na rok 2019-2020<\/a><\/td><td class=\"column-2\">17.1.2018<\/td><td class=\"column-3\">31.12.2018<\/td>\n<\/tr>\n<tr class=\"row-36 even\">\n\t<td class=\"column-1\"><a href=\"http:\/\/skolarusava.cz\/wp-content\/uploads\/2018\/01\/N\u00e1vrh-rozpo\u010dtu-na-rok-2018.pdf\">N\u00e1vrh rozpo\u010dtu na rok 2018<\/a><\/td><td class=\"column-2\">14.11.2017<\/td><td class=\"column-3\">17.1.2018<\/td>\n<\/tr>\n<tr class=\"row-37 odd\">\n\t<td class=\"column-1\"><a href=\"http:\/\/skolarusava.cz\/wp-content\/uploads\/2017\/03\/N\u00e1vrh-st\u0159edn\u011bdob\u00fd-v\u00fdhled-na-rok-2019-2020.pdf\">N\u00e1vrh - st\u0159edn\u011bdob\u00fd v\u00fdhled rozpo\u010dtu na rok 2019-2020<\/a><\/td><td class=\"column-2\">14.11.2017<\/td><td class=\"column-3\">31.1.2018<\/td>\n<\/tr>\n<\/tbody>\n<\/table>\n<!-- #tablepress-5 from cache -->\n<p>&nbsp;<\/p>\n<h2><img loading=\"lazy\" class=\"alignnone wp-image-333 \" src=\"http:\/\/skolarusava.cz\/wp-content\/uploads\/2017\/03\/eu1.png\" alt=\"\" width=\"486\" height=\"121\" srcset=\"http:\/\/skolarusava.cz\/wp-content\/uploads\/2017\/03\/eu1.png 643w, http:\/\/skolarusava.cz\/wp-content\/uploads\/2017\/03\/eu1-300x75.png 300w\" sizes=\"(max-width: 486px) 100vw, 486px\" \/><\/h2>\n<p><strong>Tento projekt je spolufinancov\u00e1n\u00a0<\/strong><strong>Evropsk\u00fdm soci\u00e1ln\u00edm fondem\u00a0<\/strong><strong>a st\u00e1tn\u00edm rozpo\u010dtem \u010cesk\u00e9 republiky.<\/strong><\/p>\n<p><strong>Opera\u010dn\u00ed program\u00a0<\/strong><strong>Vzd\u011bl\u00e1n\u00ed pro\u00a0konkurenceschopnost<\/strong><\/p>\n<p><strong>\u00a0(OP VK)<\/strong><\/p>\n<p>V\u00fdsledkem projektu \u00a0EU\u00a0 pen\u00edze \u0161kol\u00e1m je v r\u00e1mci\u00a0OP VK\u00a0 zaveden\u00ed\u00a0nov\u00e9 oblasti podpory 1.4 s n\u00e1zvem Zlep\u0161en\u00ed podm\u00ednek pro vzd\u011bl\u00e1v\u00e1n\u00ed na z\u00e1kladn\u00edch \u0161kol\u00e1ch, jej\u00edm\u017e smyslem je podpo\u0159it rozvoj oblast\u00ed, kter\u00e9 se\u00a0dlouhodob\u011b ukazuj\u00ed jako nejnutn\u011bj\u0161\u00ed.\u00a0Podporou vytipovan\u00fdch t\u00e9mat a koncentrac\u00ed finan\u010dn\u00edch prost\u0159edk\u016f by m\u011blo doj\u00edt ke zlep\u0161en\u00ed\u00a0situace:<\/p>\n<ul>\n<li>\u010desk\u00e9ho jazyka a \u010dten\u00e1\u0159sk\u00e9 gramotnosti<\/li>\n<li>matematiky<\/li>\n<li>finan\u010dn\u00ed gramotnosti<\/li>\n<li>prvouky<\/li>\n<li>p\u0159\u00edrodn\u00edch v\u011bd<\/li>\n<li>vlastiv\u011bdy<\/li>\n<li><img loading=\"lazy\" class=\"alignnone wp-image-329 \" src=\"http:\/\/skolarusava.cz\/wp-content\/uploads\/2017\/03\/euopvk.png\" alt=\"\" width=\"321\" height=\"453\" srcset=\"http:\/\/skolarusava.cz\/wp-content\/uploads\/2017\/03\/euopvk.png 451w, http:\/\/skolarusava.cz\/wp-content\/uploads\/2017\/03\/euopvk-212x300.png 212w\" sizes=\"(max-width: 321px) 100vw, 321px\" \/><\/li>\n<\/ul>\n","protected":false},"excerpt":{"rendered":"<p>&nbsp; Tento projekt je spolufinancov\u00e1n\u00a0Evropsk\u00fdm soci\u00e1ln\u00edm fondem\u00a0a st\u00e1tn\u00edm rozpo\u010dtem \u010cesk\u00e9 republiky. Opera\u010dn\u00ed program\u00a0Vzd\u011bl\u00e1n\u00ed pro\u00a0konkurenceschopnost \u00a0(OP VK) V\u00fdsledkem projektu \u00a0EU\u00a0 pen\u00edze \u0161kol\u00e1m je v r\u00e1mci\u00a0OP VK\u00a0 zaveden\u00ed\u00a0nov\u00e9 oblasti podpory 1.4 s n\u00e1zvem Zlep\u0161en\u00ed podm\u00ednek pro vzd\u011bl\u00e1v\u00e1n\u00ed na z\u00e1kladn\u00edch \u0161kol\u00e1ch, jej\u00edm\u017e smyslem &hellip; <\/p>\n","protected":false},"author":1,"featured_media":0,"parent":0,"menu_order":0,"comment_status":"closed","ping_status":"closed","template":"","meta":[],"_links":{"self":[{"href":"http:\/\/skolarusava.cz\/index.php?rest_route=\/wp\/v2\/pages\/1111"}],"collection":[{"href":"http:\/\/skolarusava.cz\/index.php?rest_route=\/wp\/v2\/pages"}],"about":[{"href":"http:\/\/skolarusava.cz\/index.php?rest_route=\/wp\/v2\/types\/page"}],"author":[{"embeddable":true,"href":"http:\/\/skolarusava.cz\/index.php?rest_route=\/wp\/v2\/users\/1"}],"replies":[{"embeddable":true,"href":"http:\/\/skolarusava.cz\/index.php?rest_route=%2Fwp%2Fv2%2Fcomments&post=1111"}],"version-history":[{"count":5,"href":"http:\/\/skolarusava.cz\/index.php?rest_route=\/wp\/v2\/pages\/1111\/revisions"}],"predecessor-version":[{"id":2351,"href":"http:\/\/skolarusava.cz\/index.php?rest_route=\/wp\/v2\/pages\/1111\/revisions\/2351"}],"wp:attachment":[{"href":"http:\/\/skolarusava.cz\/index.php?rest_route=%2Fwp%2Fv2%2Fmedia&parent=1111"}],"curies":[{"name":"wp","href":"https:\/\/api.w.org\/{rel}","templated":true}]}}